{"id":12670,"date":"2013-10-23T11:45:59","date_gmt":"2013-10-23T09:45:59","guid":{"rendered":"https:\/\/grandgourmand.de\/impressum\/"},"modified":"2026-03-11T10:46:10","modified_gmt":"2026-03-11T09:46:10","slug":"impressum","status":"publish","type":"page","link":"https:\/\/grandgourmand.de\/en\/impressum\/","title":{"rendered":"Legal Notice"},"content":{"rendered":"\n<p>Editor in Chief<\/p>\n\n\n\n<p>Mathias Guthmann<\/p>\n\n\n\n<p>Editorial Office<\/p>\n\n\n\n<p>Steffen Guthmann &#8211; Culinary<br>Barbara\u00a0Merzdorf &#8211; Culture, Art<br>Georg Schwartz &#8211; Culinary, Restaurants<br>Thomas Mettendorf &#8211; Photography<\/p>\n\n\n\n<p>Responsibility for the content<\/p>\n\n\n\n<p>Mathias Guthmann<\/p>\n\n\n\n<p>Kanonierstrasse 6<br>76185 Karlsruhe<br>phone : +49 (0)1577 4259259<\/p>\n\n\n\n<p>Haftung f\u00fcr Links<\/p>\n\n\n\n<p>Meine Seiten enthalten Links auf externe Webseiten Dritter. Auf die Inhalte dieser verlinkten Webseiten habe ich keinen Einfluss. F\u00fcr die Richtigkeit der Inhalte ist immer der jeweilige Anbieter oder Betreiber verantwortlich, weshalb ich diesbez\u00fcglich keinerlei Gew\u00e4hr \u00fcbernehme.<\/p>\n\n\n\n<p>Die fremden Webseiten habe ich zum Zeitpunkt der Verlinkung auf m\u00f6gliche Rechtsverst\u00f6\u00dfe \u00fcberpr\u00fcft. Zum Zeitpunkt der Verlinkung waren keinerlei Rechtsverletzungen erkennbar. Eine st\u00e4ndige \u00dcberpr\u00fcfung s\u00e4mtlicher Inhalte der von uns verlinkten Seiten ohne tats\u00e4chliche Anhaltspunkte f\u00fcr einen Rechtsversto\u00df kann ich nicht leisten. Falls mir Rechtsverletzungen bekannt werden, werde ich die entsprechenden Links sofort entfernen.<\/p>\n\n\n\n<p>Urheberrecht<\/p>\n\n\n\n<p>Die durch den Betreiber dieser Seite erstellten Inhalte und Werke auf diesen Webseiten unterliegen dem deutschen Urheberrecht. S\u00e4mtliche Beitr\u00e4ge Dritter sind als solche gekennzeichnet. Die Vervielf\u00e4ltigung, Bearbeitung, Verbreitung und jede Art der Verwertung au\u00dferhalb der Grenzen des Urheberrechts bed\u00fcrfen der schriftlichen Zustimmung des jeweiligen Autors bzw. Erstellers. Kopien von diesen Seiten sind nur f\u00fcr den privaten Bereich gestattet, nicht jedoch f\u00fcr kommerzielle Zwecke.<\/p>\n\n\n\n<p>Diese Website benutzt Google Analytics, einen Webanalysedienst der Google Inc. (\u201eGoogle\u201c). Google Analytics verwendet sog. \u201eCookies\u201c, Textdateien, die auf Ihrem Computer gespeichert werden und die eine Analyse der Benutzung der Website durch Sie erm\u00f6glichen. Die durch das Cookie erzeugten Informationen \u00fcber Ihre Benutzung dieser Website werden in der Regel an einen Server von Google in den USA \u00fcbertragen und dort gespeichert.<\/p>\n\n\n\n<p>Im Falle der Aktivierung der IP-Anonymisierung auf dieser Website, wird Ihre IP-Adresse von Google jedoch innerhalb von Mitgliedstaaten der Europ\u00e4ischen Union oder in anderen Vertragsstaaten des Abkommens \u00fcber den Europ\u00e4ischen Wirtschaftsraum zuvor gek\u00fcrzt. Nur in Ausnahmef\u00e4llen wird die volle IP-Adresse an einen Server von Google in den USA \u00fcbertragen und dort gek\u00fcrzt. Im Auftrag des Betreibers dieser Website wird Google diese Informationen benutzen, um Ihre Nutzung der Website auszuwerten, um Reports \u00fcber die Websiteaktivit\u00e4ten zusammenzustellen und um weitere mit der Websitenutzung und der Internetnutzung verbundene Dienstleistungen gegen\u00fcber dem Websitebetreiber zu erbringen. Die im Rahmen von Google Analytics von Ihrem Browser \u00fcbermittelte IP-Adresse wird nicht mit anderen Daten von Google zusammengef\u00fchrt. Sie k\u00f6nnen die Speicherung der Cookies durch eine entsprechende Einstellung Ihrer Browser-Software verhindern; wir weisen Sie jedoch darauf hin, dass Sie in diesem Fall gegebenenfalls nicht s\u00e4mtliche Funktionen dieser Website vollumf\u00e4nglich werden nutzen k\u00f6nnen. Sie k\u00f6nnen dar\u00fcber hinaus die Erfassung der durch das Cookie erzeugten und auf Ihre Nutzung der Website bezogenen Daten (inkl. Ihrer IP-Adresse) an Google sowie die Verarbeitung dieser Daten durch Google verhindern, indem Sie das unter dem folgenden Link (<a href=\"http:\/\/tools.google.com\/dlpage\/gaoptout?hl=de\" target=\"_blank\" rel=\"noopener noreferrer\">http:\/\/tools.google.com\/dlpage\/gaoptout?hl=de<\/a>) verf\u00fcgbare Browser-Plugin herunterladen und installieren.<\/p>\n\n\n\n<p>Sie k\u00f6nnen die Erfassung durch Google Analytics verhindern, indem Sie auf folgenden Link klicken. Es wird ein Opt-Out-Cookie gesetzt, das die zuk\u00fcnftige Erfassung Ihrer Daten beim Besuch dieser Website verhindert:<br><a>Google Analytics deaktivieren<\/a><\/p>\n\n\n\n<p><\/p>\n","protected":false},"excerpt":{"rendered":"<p>Editor in Chief Mathias Guthmann Editorial Office Steffen Guthmann &#8211; CulinaryBarbara\u00a0Merzdorf &#8211; Culture, ArtGeorg Schwartz &#8211; Culinary, RestaurantsThomas Mettendorf &#8211; Photography Responsibility for the content Mathias Guthmann Kanonierstrasse 676185 Karlsruhephone : +49 (0)1577 4259259 Haftung f\u00fcr Links Meine Seiten enthalten Links auf externe Webseiten Dritter. Auf die Inhalte dieser verlinkten Webseiten habe ich keinen Einfluss. [&hellip;]<\/p>\n","protected":false},"author":2,"featured_media":16616,"parent":0,"menu_order":0,"comment_status":"closed","ping_status":"closed","template":"","meta":{"_monsterinsights_skip_tracking":false,"_monsterinsights_sitenote_active":false,"_monsterinsights_sitenote_note":"","_monsterinsights_sitenote_category":0,"footnotes":""},"class_list":["post-12670","page","type-page","status-publish","has-post-thumbnail","hentry"],"aioseo_notices":[],"jetpack_shortlink":"https:\/\/wp.me\/PaBxrl-3im","_links":{"self":[{"href":"https:\/\/grandgourmand.de\/en\/wp-json\/wp\/v2\/pages\/12670","targetHints":{"allow":["GET"]}}],"collection":[{"href":"https:\/\/grandgourmand.de\/en\/wp-json\/wp\/v2\/pages"}],"about":[{"href":"https:\/\/grandgourmand.de\/en\/wp-json\/wp\/v2\/types\/page"}],"author":[{"embeddable":true,"href":"https:\/\/grandgourmand.de\/en\/wp-json\/wp\/v2\/users\/2"}],"replies":[{"embeddable":true,"href":"https:\/\/grandgourmand.de\/en\/wp-json\/wp\/v2\/comments?post=12670"}],"version-history":[{"count":6,"href":"https:\/\/grandgourmand.de\/en\/wp-json\/wp\/v2\/pages\/12670\/revisions"}],"predecessor-version":[{"id":18678,"href":"https:\/\/grandgourmand.de\/en\/wp-json\/wp\/v2\/pages\/12670\/revisions\/18678"}],"wp:featuredmedia":[{"embeddable":true,"href":"https:\/\/grandgourmand.de\/en\/wp-json\/wp\/v2\/media\/16616"}],"wp:attachment":[{"href":"https:\/\/grandgourmand.de\/en\/wp-json\/wp\/v2\/media?parent=12670"}],"curies":[{"name":"wp","href":"https:\/\/api.w.org\/{rel}","templated":true}]}}